{"id":16,"date":"2024-10-23T17:36:27","date_gmt":"2024-10-23T17:36:27","guid":{"rendered":"https:\/\/dovrebygg.no\/wordpress\/?page_id=16"},"modified":"2025-01-03T09:21:54","modified_gmt":"2025-01-03T09:21:54","slug":"about","status":"publish","type":"page","link":"https:\/\/dovrebygg.no\/wordpress\/about\/","title":{"rendered":"Om oss"},"content":{"rendered":"\n<h2 class=\"wp-block-heading has-large-font-size\" id=\"inspiro-is-a-digital-product-agency-that-focuses-on-strategy-and-design\" style=\"font-style:normal;font-weight:100\"><strong>Dovre Bygg Entrepren\u00f8r \u00f8nsker \u00e5 gi alle v\u00e5re kunder den beste kundeopplevelsen<\/strong> <strong>og sette Kunden i fokus i prosjektet<\/strong><\/h2>\n\n\n\n<div style=\"height:100px\" aria-hidden=\"true\" class=\"wp-block-spacer\"><\/div>\n\n\n\n<div class=\"wp-block-columns alignwide is-layout-flex wp-container-core-columns-is-layout-28f84493 wp-block-columns-is-layout-flex\">\n<div class=\"wp-block-column is-layout-flow wp-block-column-is-layout-flow\">\n<figure class=\"wp-block-image size-large\"><img decoding=\"async\" src=\"https:\/\/dovrebygg.no\/wordpress\/wp-content\/themes\/inspiro\/assets\/images\/video-1.jpeg\" alt=\"\"\/><\/figure>\n\n\n\n<p class=\"has-black-color has-text-color has-medium-font-size\"><a href=\"#\">V\u00e5re Ansatte<\/a><\/p>\n\n\n\n<p class=\"has-text-color\" style=\"color:#7a7a7a\">This is some dummy copy. You\u2019re not really supposed to read this dummy copy, it is just a place holder for people who need some type to visualize what the actual copy might look like if it were real content.<\/p>\n<\/div>\n\n\n\n<div class=\"wp-block-column is-layout-flow wp-block-column-is-layout-flow\">\n<figure class=\"wp-block-image size-large\"><img decoding=\"async\" src=\"https:\/\/dovrebygg.no\/wordpress\/wp-content\/themes\/inspiro\/assets\/images\/video-2.jpeg\" alt=\"\"\/><\/figure>\n\n\n\n<p class=\"has-black-color has-text-color has-medium-font-size\"><a href=\"#\">V\u00e5r Filosofi<\/a><\/p>\n\n\n\n<p class=\"has-text-color\" style=\"color:#7a7a7a\">This is some dummy copy. You\u2019re not really supposed to read this dummy copy, it is just a place holder for people who need some type to visualize what the actual copy might look like if it were real content.<\/p>\n<\/div>\n\n\n\n<div class=\"wp-block-column is-layout-flow wp-block-column-is-layout-flow\">\n<figure class=\"wp-block-image size-large\"><img decoding=\"async\" src=\"https:\/\/dovrebygg.no\/wordpress\/wp-content\/themes\/inspiro\/assets\/images\/video-3.jpeg\" alt=\"\"\/><\/figure>\n\n\n\n<p class=\"has-black-color has-text-color has-medium-font-size\"><a href=\"#\">Tjenester<\/a><\/p>\n\n\n\n<p class=\"has-text-color\" style=\"color:#7a7a7a\">This is some dummy copy. You\u2019re not really supposed to read this dummy copy, it is just a place holder for people who need some type to visualize what the actual copy might look like if it were real content.<\/p>\n<\/div>\n<\/div>\n\n\n\n<h3 class=\"wp-block-heading has-large-font-size\" id=\"inspiro-is-a-digital-product-agency-that-focuses-on-strategy-and-desig\" style=\"font-weight:300\">Showreel<\/h3>\n\n\n\n<figure class=\"wp-block-embed alignwide is-type-video is-provider-videopress wp-block-embed-videopress wp-embed-aspect-16-9 wp-has-aspect-ratio\"><div class=\"wp-block-embed__wrapper\">\n<iframe title=\"VideoPress Video Player\" aria-label='VideoPress Video Player' width='950' height='534' src='https:\/\/video.wordpress.com\/embed\/bjvmxiQS?hd=0&amp;cover=1' frameborder='0' allowfullscreen allow='clipboard-write'><\/iframe><script src='https:\/\/v0.wordpress.com\/js\/next\/videopress-iframe.js?m=1725245713'><\/script>\n<\/div><\/figure>\n\n\n\n<div style=\"height:100px\" aria-hidden=\"true\" class=\"wp-block-spacer\"><\/div>\n\n\n\n<div class=\"wp-block-cover alignfull\" style=\"padding-top:50px;padding-right:50px;padding-bottom:50px;padding-left:50px;min-height:316px;aspect-ratio:unset;\"><span aria-hidden=\"true\" class=\"wp-block-cover__background has-black-background-color has-background-dim-100 has-background-dim\"><\/span><div class=\"wp-block-cover__inner-container is-layout-flow wp-block-cover-is-layout-flow\">\n<div class=\"wp-block-columns are-vertically-aligned-center is-layout-flex wp-container-core-columns-is-layout-28f84493 wp-block-columns-is-layout-flex\">\n<div class=\"wp-block-column is-vertically-aligned-center is-layout-flow wp-block-column-is-layout-flow\" style=\"padding-top:20px;padding-right:0px;padding-bottom:20px;padding-left:0px\">\n<div class=\"wp-block-group is-content-justification-space-between is-nowrap is-layout-flex wp-container-core-group-is-layout-bb3dfb5c wp-block-group-is-layout-flex\">\n<figure class=\"wp-block-image size-full\"><img decoding=\"async\" src=\"https:\/\/dovrebygg.no\/wordpress\/wp-content\/themes\/inspiro\/assets\/images\/laurel_left.png\" alt=\"\"\/><\/figure>\n\n\n\n<div class=\"wp-block-group is-layout-flow wp-block-group-is-layout-flow\">\n<p class=\"has-text-align-center has-white-color has-text-color\" style=\"font-size:clamp(14px, 0.875rem + ((1vw - 3.2px) * 0.417), 18px);line-height:1\"><strong>&laquo;Beste Kredittverdighet&raquo;<br><\/strong>Winner<\/p>\n<\/div>\n\n\n\n<figure class=\"wp-block-image size-full\"><img decoding=\"async\" src=\"https:\/\/dovrebygg.no\/wordpress\/wp-content\/themes\/inspiro\/assets\/images\/laurel_right.png\" alt=\"\"\/><\/figure>\n<\/div>\n<\/div>\n\n\n\n<div class=\"wp-block-column is-vertically-aligned-center is-layout-flow wp-block-column-is-layout-flow\" style=\"padding-top:20px;padding-right:0px;padding-bottom:20px;padding-left:0px\">\n<div class=\"wp-block-group is-content-justification-space-between is-nowrap is-layout-flex wp-container-core-group-is-layout-bb3dfb5c wp-block-group-is-layout-flex\">\n<figure class=\"wp-block-image size-full\"><img decoding=\"async\" src=\"https:\/\/dovrebygg.no\/wordpress\/wp-content\/themes\/inspiro\/assets\/images\/laurel_left.png\" alt=\"\"\/><\/figure>\n\n\n\n<div class=\"wp-block-group is-layout-flow wp-block-group-is-layout-flow\">\n<p class=\"has-text-align-center has-white-color has-text-color\" style=\"font-size:clamp(14px, 0.875rem + ((1vw - 3.2px) * 0.417), 18px);line-height:1\"><strong>&laquo;Nominert til Norges vakreste bygg -24&raquo;<\/strong><br>Winner<\/p>\n<\/div>\n\n\n\n<figure class=\"wp-block-image size-full\"><img decoding=\"async\" src=\"https:\/\/dovrebygg.no\/wordpress\/wp-content\/themes\/inspiro\/assets\/images\/laurel_right.png\" alt=\"\"\/><\/figure>\n<\/div>\n<\/div>\n\n\n\n<div class=\"wp-block-column is-vertically-aligned-center is-layout-flow wp-block-column-is-layout-flow\" style=\"padding-top:20px;padding-right:0px;padding-bottom:20px;padding-left:0px\">\n<div class=\"wp-block-group is-content-justification-space-between is-nowrap is-layout-flex wp-container-core-group-is-layout-bb3dfb5c wp-block-group-is-layout-flex\">\n<figure class=\"wp-block-image size-full\"><img decoding=\"async\" src=\"https:\/\/dovrebygg.no\/wordpress\/wp-content\/themes\/inspiro\/assets\/images\/laurel_left.png\" alt=\"\"\/><\/figure>\n\n\n\n<div class=\"wp-block-group is-layout-flow wp-block-group-is-layout-flow\">\n<p class=\"has-text-align-center has-white-color has-text-color\" style=\"font-size:clamp(14px, 0.875rem + ((1vw - 3.2px) * 0.417), 18px);line-height:1\"><strong>&laquo;Best Short&raquo;<\/strong><br>Winner<\/p>\n<\/div>\n\n\n\n<figure class=\"wp-block-image size-full\"><img decoding=\"async\" src=\"https:\/\/dovrebygg.no\/wordpress\/wp-content\/themes\/inspiro\/assets\/images\/laurel_right.png\" alt=\"\"\/><\/figure>\n<\/div>\n<\/div>\n<\/div>\n<\/div><\/div>\n","protected":false},"excerpt":{"rendered":"<p>Dovre Bygg Entrepren\u00f8r \u00f8nsker \u00e5 gi alle v\u00e5re kunder den beste kundeopplevelsen og sette Kunden i fokus i prosjektet V\u00e5re Ansatte This is some dummy copy. You\u2019re not really supposed to read this dummy copy, it is just a place holder for people who need some type to visualize what the actual copy might look &hellip; <\/p>\n<p class=\"link-more\"><a href=\"https:\/\/dovrebygg.no\/wordpress\/about\/\" class=\"more-link\">Read more<span class=\"screen-reader-text\"> &laquo;Om oss&raquo;<\/span><\/a><\/p>\n","protected":false},"author":1,"featured_media":92,"parent":0,"menu_order":0,"comment_status":"closed","ping_status":"closed","template":"","meta":{"pgc_sgb_lightbox_settings":"","_vp_format_video_url":"","_vp_image_focal_point":[],"footnotes":""},"class_list":["post-16","page","type-page","status-publish","has-post-thumbnail","hentry"],"featured_media_urls":{"thumbnail":["https:\/\/dovrebygg.no\/wordpress\/wp-content\/uploads\/2025\/01\/IMG_4790-150x150.jpg",150,150,true],"medium":["https:\/\/dovrebygg.no\/wordpress\/wp-content\/uploads\/2025\/01\/IMG_4790-295x300.jpg",295,300,true],"medium_large":["https:\/\/dovrebygg.no\/wordpress\/wp-content\/uploads\/2025\/01\/IMG_4790.jpg",768,780,false],"large":["https:\/\/dovrebygg.no\/wordpress\/wp-content\/uploads\/2025\/01\/IMG_4790-1008x1024.jpg",950,965,true],"1536x1536":["https:\/\/dovrebygg.no\/wordpress\/wp-content\/uploads\/2025\/01\/IMG_4790-1512x1536.jpg",1512,1536,true],"2048x2048":["https:\/\/dovrebygg.no\/wordpress\/wp-content\/uploads\/2025\/01\/IMG_4790.jpg",1804,1833,false],"vp_sm":["https:\/\/dovrebygg.no\/wordpress\/wp-content\/uploads\/2025\/01\/IMG_4790-500x508.jpg",500,508,true],"vp_md":["https:\/\/dovrebygg.no\/wordpress\/wp-content\/uploads\/2025\/01\/IMG_4790-800x813.jpg",800,813,true],"vp_lg":["https:\/\/dovrebygg.no\/wordpress\/wp-content\/uploads\/2025\/01\/IMG_4790-1280x1301.jpg",1280,1301,true],"vp_xl":["https:\/\/dovrebygg.no\/wordpress\/wp-content\/uploads\/2025\/01\/IMG_4790.jpg",1804,1833,false],"vp_sm_popup":["https:\/\/dovrebygg.no\/wordpress\/wp-content\/uploads\/2025\/01\/IMG_4790-500x508.jpg",500,508,true],"vp_md_popup":["https:\/\/dovrebygg.no\/wordpress\/wp-content\/uploads\/2025\/01\/IMG_4790-800x813.jpg",800,813,true],"vp_xl_popup":["https:\/\/dovrebygg.no\/wordpress\/wp-content\/uploads\/2025\/01\/IMG_4790.jpg",1804,1833,false],"inspiro-featured-image":["https:\/\/dovrebygg.no\/wordpress\/wp-content\/uploads\/2025\/01\/IMG_4790.jpg",1804,1833,false],"inspiro-loop":["https:\/\/dovrebygg.no\/wordpress\/wp-content\/uploads\/2025\/01\/IMG_4790-950x320.jpg",950,320,true],"inspiro-loop@2x":["https:\/\/dovrebygg.no\/wordpress\/wp-content\/uploads\/2025\/01\/IMG_4790-1804x640.jpg",1804,640,true],"portfolio_item-thumbnail":["https:\/\/dovrebygg.no\/wordpress\/wp-content\/uploads\/2025\/01\/IMG_4790-600x400.jpg",600,400,true],"portfolio_item-thumbnail@2x":["https:\/\/dovrebygg.no\/wordpress\/wp-content\/uploads\/2025\/01\/IMG_4790-1200x800.jpg",1200,800,true],"portfolio_item-masonry":["https:\/\/dovrebygg.no\/wordpress\/wp-content\/uploads\/2025\/01\/IMG_4790-600x610.jpg",600,610,true],"portfolio_item-masonry@2x":["https:\/\/dovrebygg.no\/wordpress\/wp-content\/uploads\/2025\/01\/IMG_4790-1200x1219.jpg",1200,1219,true],"portfolio_item-thumbnail_cinema":["https:\/\/dovrebygg.no\/wordpress\/wp-content\/uploads\/2025\/01\/IMG_4790-800x335.jpg",800,335,true],"portfolio_item-thumbnail_portrait":["https:\/\/dovrebygg.no\/wordpress\/wp-content\/uploads\/2025\/01\/IMG_4790-600x900.jpg",600,900,true],"portfolio_item-thumbnail_portrait@2x":["https:\/\/dovrebygg.no\/wordpress\/wp-content\/uploads\/2025\/01\/IMG_4790-1200x1800.jpg",1200,1800,true],"portfolio_item-thumbnail_square":["https:\/\/dovrebygg.no\/wordpress\/wp-content\/uploads\/2025\/01\/IMG_4790-800x800.jpg",800,800,true]},"_links":{"self":[{"href":"https:\/\/dovrebygg.no\/wordpress\/wp-json\/wp\/v2\/pages\/16","targetHints":{"allow":["GET"]}}],"collection":[{"href":"https:\/\/dovrebygg.no\/wordpress\/wp-json\/wp\/v2\/pages"}],"about":[{"href":"https:\/\/dovrebygg.no\/wordpress\/wp-json\/wp\/v2\/types\/page"}],"author":[{"embeddable":true,"href":"https:\/\/dovrebygg.no\/wordpress\/wp-json\/wp\/v2\/users\/1"}],"replies":[{"embeddable":true,"href":"https:\/\/dovrebygg.no\/wordpress\/wp-json\/wp\/v2\/comments?post=16"}],"version-history":[{"count":2,"href":"https:\/\/dovrebygg.no\/wordpress\/wp-json\/wp\/v2\/pages\/16\/revisions"}],"predecessor-version":[{"id":71,"href":"https:\/\/dovrebygg.no\/wordpress\/wp-json\/wp\/v2\/pages\/16\/revisions\/71"}],"wp:featuredmedia":[{"embeddable":true,"href":"https:\/\/dovrebygg.no\/wordpress\/wp-json\/wp\/v2\/media\/92"}],"wp:attachment":[{"href":"https:\/\/dovrebygg.no\/wordpress\/wp-json\/wp\/v2\/media?parent=16"}],"curies":[{"name":"wp","href":"https:\/\/api.w.org\/{rel}","templated":true}]}}