{"id":17,"date":"2024-10-23T17:36:27","date_gmt":"2024-10-23T17:36:27","guid":{"rendered":"https:\/\/dovrebygg.no\/wordpress\/?page_id=17"},"modified":"2025-06-30T19:51:37","modified_gmt":"2025-06-30T19:51:37","slug":"contact-2","status":"publish","type":"page","link":"https:\/\/dovrebygg.no\/wordpress\/contact-2\/","title":{"rendered":"Kontakt"},"content":{"rendered":"\n<div style=\"height:156px\" aria-hidden=\"true\" class=\"wp-block-spacer\"><\/div>\n\n\n\n<div class=\"wp-block-group has-global-padding is-layout-constrained wp-block-group-is-layout-constrained\">\n<div class=\"wp-block-columns are-vertically-aligned-top is-layout-flex wp-container-core-columns-is-layout-d7d455e7 wp-block-columns-is-layout-flex\" style=\"padding-top:0;padding-right:0;padding-bottom:0;padding-left:0\">\n<div class=\"wp-block-column is-vertically-aligned-top is-layout-flow wp-block-column-is-layout-flow\" style=\"padding-right:7%;flex-basis:50%\">\n<p class=\"has-text-color\" style=\"color:#0bb4aa\">La oss komme i gang!<\/p>\n\n\n\n<h2 class=\"wp-block-heading has-large-font-size\">Er du klar for \u00e5 starte ditt neste prosjekt?<\/h2>\n\n\n\n<p>Vi hjelper deg med ditt byggeprosjekt uansett om det er stort<br>eller lite prosjekt. Ta kontak s\u00e5 skal vi hjelpe deg p\u00e5 veg om det er tegninger eller ett tilbud du\/dere \u00f8nsker &#8211; Ta kontakt via kontakt skjema under &#8211; via e-post eller direkte p\u00e5 telefon s\u00e5 svarer vi s\u00e5 fort vi har mulighet.<br><\/p>\n<\/div>\n\n\n\n<div class=\"wp-block-column is-vertically-aligned-top is-layout-flow wp-block-column-is-layout-flow\" style=\"flex-basis:50%\"><\/div>\n<\/div>\n\n\n\n<div style=\"height:135px\" aria-hidden=\"true\" class=\"wp-block-spacer\"><\/div>\n<\/div>\n\n\n<div class=\"wpforms-container wpforms-container-full wpforms-block wpforms-block-354f7423-6e2e-4ffc-9f9a-2d168854cde2 wpforms-render-modern\" id=\"wpforms-580\"><form id=\"wpforms-form-580\" class=\"wpforms-validate wpforms-form wpforms-ajax-form\" data-formid=\"580\" method=\"post\" enctype=\"multipart\/form-data\" action=\"\/wordpress\/wp-json\/wp\/v2\/pages\/17\" data-token=\"dce9e4931cffb2b7d9c1291c6c61e6b1\" data-token-time=\"1778216194\"><noscript class=\"wpforms-error-noscript\">Please enable JavaScript in your browser to complete this form.<\/noscript><div class=\"wpforms-hidden\" id=\"wpforms-error-noscript\">Please enable JavaScript in your browser to complete this form.<\/div><div class=\"wpforms-field-container\">\t\t<div id=\"wpforms-580-field_4-container\"\n\t\t\tclass=\"wpforms-field wpforms-field-text\"\n\t\t\tdata-field-type=\"text\"\n\t\t\tdata-field-id=\"4\"\n\t\t\t>\n\t\t\t<label class=\"wpforms-field-label\" for=\"wpforms-580-field_4\" >Message Email Name<\/label>\n\t\t\t<input type=\"text\" id=\"wpforms-580-field_4\" class=\"wpforms-field-medium\" name=\"wpforms[fields][4]\" >\n\t\t<\/div>\n\t\t<div id=\"wpforms-580-field_1-container\" class=\"wpforms-field wpforms-field-name\" data-field-id=\"1\"><fieldset><legend class=\"wpforms-field-label\">Name <span class=\"wpforms-required-label\" aria-hidden=\"true\">*<\/span><\/legend><div class=\"wpforms-field-row wpforms-field-medium\"><div class=\"wpforms-field-row-block wpforms-first wpforms-one-half\"><input type=\"text\" id=\"wpforms-580-field_1\" class=\"wpforms-field-name-first wpforms-field-required\" name=\"wpforms[fields][1][first]\" aria-errormessage=\"wpforms-580-field_1-error\" required><label for=\"wpforms-580-field_1\" class=\"wpforms-field-sublabel after\">First<\/label><\/div><div class=\"wpforms-field-row-block wpforms-one-half\"><input type=\"text\" id=\"wpforms-580-field_1-last\" class=\"wpforms-field-name-last wpforms-field-required\" name=\"wpforms[fields][1][last]\" aria-errormessage=\"wpforms-580-field_1-last-error\" required><label for=\"wpforms-580-field_1-last\" class=\"wpforms-field-sublabel after\">Last<\/label><\/div><\/div><\/fieldset><\/div><div id=\"wpforms-580-field_2-container\" class=\"wpforms-field wpforms-field-email\" data-field-id=\"2\"><label class=\"wpforms-field-label\" for=\"wpforms-580-field_2\">Email <span class=\"wpforms-required-label\" aria-hidden=\"true\">*<\/span><\/label><input type=\"email\" id=\"wpforms-580-field_2\" class=\"wpforms-field-medium wpforms-field-required\" name=\"wpforms[fields][2]\" spellcheck=\"false\" aria-errormessage=\"wpforms-580-field_2-error\" required><\/div><div id=\"wpforms-580-field_3-container\" class=\"wpforms-field wpforms-field-textarea\" data-field-id=\"3\"><label class=\"wpforms-field-label\" for=\"wpforms-580-field_3\">Comment or Message<\/label><textarea id=\"wpforms-580-field_3\" class=\"wpforms-field-medium\" name=\"wpforms[fields][3]\" aria-errormessage=\"wpforms-580-field_3-error\" ><\/textarea><\/div><script>\n\t\t\t\t( function() {\n\t\t\t\t\tconst style = document.createElement( 'style' );\n\t\t\t\t\tstyle.appendChild( document.createTextNode( '#wpforms-580-field_4-container { position: absolute !important; overflow: hidden !important; display: inline !important; height: 1px !important; width: 1px !important; z-index: -1000 !important; padding: 0 !important; } #wpforms-580-field_4-container input { visibility: hidden; } #wpforms-conversational-form-page #wpforms-580-field_4-container label { counter-increment: none; }' ) );\n\t\t\t\t\tdocument.head.appendChild( style );\n\t\t\t\t\tdocument.currentScript?.remove();\n\t\t\t\t} )();\n\t\t\t<\/script><\/div><!-- .wpforms-field-container --><div class=\"wpforms-submit-container\" ><input type=\"hidden\" name=\"wpforms[id]\" value=\"580\"><input type=\"hidden\" name=\"page_title\" value=\"\"><input type=\"hidden\" name=\"page_url\" value=\"https:\/\/dovrebygg.no\/wordpress\/wp-json\/wp\/v2\/pages\/17\"><input type=\"hidden\" name=\"url_referer\" value=\"\"><button type=\"submit\" name=\"wpforms[submit]\" id=\"wpforms-submit-580\" class=\"wpforms-submit\" data-alt-text=\"Sending...\" data-submit-text=\"Submit\" aria-live=\"assertive\" value=\"wpforms-submit\">Submit<\/button><img loading=\"lazy\" decoding=\"async\" src=\"https:\/\/dovrebygg.no\/wordpress\/wp-content\/plugins\/wpforms-lite\/assets\/images\/submit-spin.svg\" class=\"wpforms-submit-spinner\" style=\"display: none;\" width=\"26\" height=\"26\" alt=\"Loading\"><\/div><\/form><\/div>  <!-- .wpforms-container -->\n\n\n<div class=\"wp-block-group alignfull has-global-padding is-layout-constrained wp-container-core-group-is-layout-19e250f3 wp-block-group-is-layout-constrained\">\n<div class=\"wp-block-columns alignfull are-vertically-aligned-center has-light-background-background-color has-background is-layout-flex wp-container-core-columns-is-layout-dd282781 wp-block-columns-is-layout-flex\" style=\"padding-top:0;padding-right:0;padding-bottom:0;padding-left:0\">\n<div class=\"wp-block-column is-vertically-aligned-center map-grayscale is-layout-flow wp-block-column-is-layout-flow\" style=\"flex-basis:50%\">\n<figure class=\"wp-block-image size-full\"><img loading=\"lazy\" decoding=\"async\" width=\"942\" height=\"557\" src=\"https:\/\/dovrebygg.no\/wordpress\/wp-content\/uploads\/2025\/01\/Skjermbilde.jpg\" alt=\"\" class=\"wp-image-64\" srcset=\"https:\/\/dovrebygg.no\/wordpress\/wp-content\/uploads\/2025\/01\/Skjermbilde.jpg 942w, https:\/\/dovrebygg.no\/wordpress\/wp-content\/uploads\/2025\/01\/Skjermbilde-300x177.jpg 300w, https:\/\/dovrebygg.no\/wordpress\/wp-content\/uploads\/2025\/01\/Skjermbilde-500x296.jpg 500w, https:\/\/dovrebygg.no\/wordpress\/wp-content\/uploads\/2025\/01\/Skjermbilde-800x473.jpg 800w\" sizes=\"auto, (max-width: 942px) 100vw, 942px\" \/><\/figure>\n<\/div>\n\n\n\n<div class=\"wp-block-column is-vertically-aligned-center is-layout-flow wp-block-column-is-layout-flow\" style=\"padding-top:var(--wp--preset--spacing--small);padding-right:var(--wp--preset--spacing--small);padding-bottom:var(--wp--preset--spacing--small);padding-left:2%;flex-basis:50%\">\n<h3 class=\"wp-block-heading has-large-font-size\">Dovre Bygg Entrepren\u00f8r AS<\/h3>\n\n\n\n<p><\/p>\n\n\n\n<h3 class=\"wp-block-heading\"><strong>Adresse<\/strong><\/h3>\n\n\n\n<p>Gj\u00f8lmeslivegen 44, 7300 Orkanger<\/p>\n\n\n\n<h3 class=\"wp-block-heading\"><strong>E-post<\/strong><\/h3>\n\n\n\n<p>post@dovrebygg.no<\/p>\n\n\n\n<h3 class=\"wp-block-heading\"><strong>Telefon<\/strong><\/h3>\n\n\n\n<p>99 55 73 75<\/p>\n<\/div>\n<\/div>\n<\/div>\n\n\n\n<div class=\"wp-block-group alignfull has-background has-global-padding is-layout-constrained wp-block-group-is-layout-constrained\" style=\"background-color:#f9f9f9\">\n<div class=\"wp-block-group is-layout-flow wp-block-group-is-layout-flow\">\n<div style=\"height:69px\" aria-hidden=\"true\" class=\"wp-block-spacer\"><\/div>\n\n\n\n<div class=\"wp-block-columns is-layout-flex wp-container-core-columns-is-layout-28f84493 wp-block-columns-is-layout-flex\">\n<div class=\"wp-block-column is-layout-flow wp-block-column-is-layout-flow\">\n<p class=\"has-text-align-left has-text-color\" style=\"color:#0bb4aa\">HVOR ER VI LOKALISERT OG HVOR LEVERER VI<\/p>\n\n\n\n<h2 class=\"wp-block-heading has-text-align-left has-large-font-size\">V\u00e5re Lokasjoner<\/h2>\n\n\n\n<div class=\"wp-block-columns is-layout-flex wp-container-core-columns-is-layout-28f84493 wp-block-columns-is-layout-flex\">\n<div class=\"wp-block-column is-layout-flow wp-block-column-is-layout-flow\">\n<p style=\"line-height:2.5\">Tr\u00f8ndelag<br><\/p>\n<\/div>\n\n\n\n<div class=\"wp-block-column is-layout-flow wp-block-column-is-layout-flow\">\n<p style=\"line-height:2.5\">Orkanger<br><\/p>\n<\/div>\n<\/div>\n<\/div>\n\n\n\n<div class=\"wp-block-column is-layout-flow wp-block-column-is-layout-flow\">\n<figure class=\"wp-block-image size-large\"><img decoding=\"async\" src=\"https:\/\/dovrebygg.no\/wordpress\/wp-content\/themes\/inspiro\/assets\/images\/map.png\" alt=\"\" class=\"wp-image-5640\"\/><\/figure>\n<\/div>\n<\/div>\n\n\n\n<div style=\"height:52px\" aria-hidden=\"true\" class=\"wp-block-spacer\"><\/div>\n<\/div>\n<\/div>\n\n\n\n<div class=\"wp-block-group has-global-padding is-layout-constrained wp-block-group-is-layout-constrained\">\n<div style=\"height:33px\" aria-hidden=\"true\" class=\"wp-block-spacer\"><\/div>\n\n\n\n<div class=\"wp-block-columns are-vertically-aligned-center is-layout-flex wp-container-core-columns-is-layout-4ed999c3 wp-block-columns-is-layout-flex\" style=\"padding-top:var(--wp--preset--spacing--60);padding-bottom:var(--wp--preset--spacing--60);padding-left:0\">\n<div class=\"wp-block-column is-vertically-aligned-center has-global-padding is-content-justification-left is-layout-constrained wp-container-core-column-is-layout-12dd3699 wp-block-column-is-layout-constrained\" style=\"flex-basis:66.66%\">\n<h2 class=\"wp-block-heading\">\u00d8nsker du \u00e5 bli en del av v\u00e5rt team?<\/h2>\n\n\n\n<p>Vi s\u00f8ker stadig etter fagfolk med n\u00f8dvendig kompetanse innen bygg. Ta kontakt ved interresse!<\/p>\n<\/div>\n\n\n\n<div class=\"wp-block-column is-vertically-aligned-center is-layout-flow wp-block-column-is-layout-flow\" style=\"flex-basis:33.33%\">\n<div class=\"wp-block-buttons is-content-justification-right is-layout-flex wp-container-core-buttons-is-layout-d445cf74 wp-block-buttons-is-layout-flex\">\n<div class=\"wp-block-button is-style-fill\"><a class=\"wp-block-button__link has-custom-font-size wp-element-button\" style=\"border-radius:0px;font-size:14px;font-style:normal;font-weight:600;letter-spacing:1px;text-transform:uppercase\">Jobb muligheter<\/a><\/div>\n<\/div>\n<\/div>\n<\/div>\n\n\n\n<div style=\"height:45px\" aria-hidden=\"true\" class=\"wp-block-spacer\"><\/div>\n<\/div>\n","protected":false},"excerpt":{"rendered":"<p>La oss komme i gang! Er du klar for \u00e5 starte ditt neste prosjekt? Vi hjelper deg med ditt byggeprosjekt uansett om det er storteller lite prosjekt. Ta kontak s\u00e5 skal vi hjelpe deg p\u00e5 veg om det er tegninger eller ett tilbud du\/dere \u00f8nsker &#8211; Ta kontakt via kontakt skjema under &#8211; via e-post &hellip; <\/p>\n<p class=\"link-more\"><a href=\"https:\/\/dovrebygg.no\/wordpress\/contact-2\/\" class=\"more-link\">Read more<span class=\"screen-reader-text\"> &laquo;Kontakt&raquo;<\/span><\/a><\/p>\n","protected":false},"author":1,"featured_media":147,"parent":0,"menu_order":0,"comment_status":"closed","ping_status":"closed","template":"","meta":{"pgc_sgb_lightbox_settings":"","_vp_format_video_url":"","_vp_image_focal_point":[],"footnotes":""},"class_list":["post-17","page","type-page","status-publish","has-post-thumbnail","hentry"],"featured_media_urls":{"thumbnail":["https:\/\/dovrebygg.no\/wordpress\/wp-content\/uploads\/2025\/01\/613D8537-E366-4749-B67F-95261AA6C989-1-150x150.jpeg",150,150,true],"medium":["https:\/\/dovrebygg.no\/wordpress\/wp-content\/uploads\/2025\/01\/613D8537-E366-4749-B67F-95261AA6C989-1-300x300.jpeg",300,300,true],"medium_large":["https:\/\/dovrebygg.no\/wordpress\/wp-content\/uploads\/2025\/01\/613D8537-E366-4749-B67F-95261AA6C989-1.jpeg",768,768,false],"large":["https:\/\/dovrebygg.no\/wordpress\/wp-content\/uploads\/2025\/01\/613D8537-E366-4749-B67F-95261AA6C989-1-1024x1024.jpeg",950,950,true],"1536x1536":["https:\/\/dovrebygg.no\/wordpress\/wp-content\/uploads\/2025\/01\/613D8537-E366-4749-B67F-95261AA6C989-1.jpeg",1124,1124,false],"2048x2048":["https:\/\/dovrebygg.no\/wordpress\/wp-content\/uploads\/2025\/01\/613D8537-E366-4749-B67F-95261AA6C989-1.jpeg",1124,1124,false],"vp_sm":["https:\/\/dovrebygg.no\/wordpress\/wp-content\/uploads\/2025\/01\/613D8537-E366-4749-B67F-95261AA6C989-1-500x500.jpeg",500,500,true],"vp_md":["https:\/\/dovrebygg.no\/wordpress\/wp-content\/uploads\/2025\/01\/613D8537-E366-4749-B67F-95261AA6C989-1-800x800.jpeg",800,800,true],"vp_lg":["https:\/\/dovrebygg.no\/wordpress\/wp-content\/uploads\/2025\/01\/613D8537-E366-4749-B67F-95261AA6C989-1.jpeg",1124,1124,false],"vp_xl":["https:\/\/dovrebygg.no\/wordpress\/wp-content\/uploads\/2025\/01\/613D8537-E366-4749-B67F-95261AA6C989-1.jpeg",1124,1124,false],"vp_sm_popup":["https:\/\/dovrebygg.no\/wordpress\/wp-content\/uploads\/2025\/01\/613D8537-E366-4749-B67F-95261AA6C989-1-500x500.jpeg",500,500,true],"vp_md_popup":["https:\/\/dovrebygg.no\/wordpress\/wp-content\/uploads\/2025\/01\/613D8537-E366-4749-B67F-95261AA6C989-1-800x800.jpeg",800,800,true],"vp_xl_popup":["https:\/\/dovrebygg.no\/wordpress\/wp-content\/uploads\/2025\/01\/613D8537-E366-4749-B67F-95261AA6C989-1.jpeg",1124,1124,false],"inspiro-featured-image":["https:\/\/dovrebygg.no\/wordpress\/wp-content\/uploads\/2025\/01\/613D8537-E366-4749-B67F-95261AA6C989-1.jpeg",1124,1124,false],"inspiro-loop":["https:\/\/dovrebygg.no\/wordpress\/wp-content\/uploads\/2025\/01\/613D8537-E366-4749-B67F-95261AA6C989-1-950x320.jpeg",950,320,true],"inspiro-loop@2x":["https:\/\/dovrebygg.no\/wordpress\/wp-content\/uploads\/2025\/01\/613D8537-E366-4749-B67F-95261AA6C989-1-1124x640.jpeg",1124,640,true],"portfolio_item-thumbnail":["https:\/\/dovrebygg.no\/wordpress\/wp-content\/uploads\/2025\/01\/613D8537-E366-4749-B67F-95261AA6C989-1-600x400.jpeg",600,400,true],"portfolio_item-thumbnail@2x":["https:\/\/dovrebygg.no\/wordpress\/wp-content\/uploads\/2025\/01\/613D8537-E366-4749-B67F-95261AA6C989-1-1124x800.jpeg",1124,800,true],"portfolio_item-masonry":["https:\/\/dovrebygg.no\/wordpress\/wp-content\/uploads\/2025\/01\/613D8537-E366-4749-B67F-95261AA6C989-1-600x600.jpeg",600,600,true],"portfolio_item-masonry@2x":["https:\/\/dovrebygg.no\/wordpress\/wp-content\/uploads\/2025\/01\/613D8537-E366-4749-B67F-95261AA6C989-1.jpeg",1124,1124,false],"portfolio_item-thumbnail_cinema":["https:\/\/dovrebygg.no\/wordpress\/wp-content\/uploads\/2025\/01\/613D8537-E366-4749-B67F-95261AA6C989-1-800x335.jpeg",800,335,true],"portfolio_item-thumbnail_portrait":["https:\/\/dovrebygg.no\/wordpress\/wp-content\/uploads\/2025\/01\/613D8537-E366-4749-B67F-95261AA6C989-1-600x900.jpeg",600,900,true],"portfolio_item-thumbnail_portrait@2x":["https:\/\/dovrebygg.no\/wordpress\/wp-content\/uploads\/2025\/01\/613D8537-E366-4749-B67F-95261AA6C989-1.jpeg",1124,1124,false],"portfolio_item-thumbnail_square":["https:\/\/dovrebygg.no\/wordpress\/wp-content\/uploads\/2025\/01\/613D8537-E366-4749-B67F-95261AA6C989-1-800x800.jpeg",800,800,true]},"_links":{"self":[{"href":"https:\/\/dovrebygg.no\/wordpress\/wp-json\/wp\/v2\/pages\/17","targetHints":{"allow":["GET"]}}],"collection":[{"href":"https:\/\/dovrebygg.no\/wordpress\/wp-json\/wp\/v2\/pages"}],"about":[{"href":"https:\/\/dovrebygg.no\/wordpress\/wp-json\/wp\/v2\/types\/page"}],"author":[{"embeddable":true,"href":"https:\/\/dovrebygg.no\/wordpress\/wp-json\/wp\/v2\/users\/1"}],"replies":[{"embeddable":true,"href":"https:\/\/dovrebygg.no\/wordpress\/wp-json\/wp\/v2\/comments?post=17"}],"version-history":[{"count":6,"href":"https:\/\/dovrebygg.no\/wordpress\/wp-json\/wp\/v2\/pages\/17\/revisions"}],"predecessor-version":[{"id":586,"href":"https:\/\/dovrebygg.no\/wordpress\/wp-json\/wp\/v2\/pages\/17\/revisions\/586"}],"wp:featuredmedia":[{"embeddable":true,"href":"https:\/\/dovrebygg.no\/wordpress\/wp-json\/wp\/v2\/media\/147"}],"wp:attachment":[{"href":"https:\/\/dovrebygg.no\/wordpress\/wp-json\/wp\/v2\/media?parent=17"}],"curies":[{"name":"wp","href":"https:\/\/api.w.org\/{rel}","templated":true}]}}